{"id":5175,"date":"2026-01-23T11:59:53","date_gmt":"2026-01-23T10:59:53","guid":{"rendered":"https:\/\/protospain.com\/catalogo\/?page_id=5175"},"modified":"2026-01-26T11:07:50","modified_gmt":"2026-01-26T10:07:50","slug":"politique-de-gestion","status":"publish","type":"page","link":"https:\/\/protofrance.com\/catalogo\/politique-de-gestion\/","title":{"rendered":"POLITIQUE DE GESTION"},"content":{"rendered":"\t\t<div data-elementor-type=\"wp-page\" data-elementor-id=\"5175\" class=\"elementor elementor-5175 elementor-5174\" data-elementor-settings=\"{&quot;page_masthead_image_height&quot;:{&quot;unit&quot;:&quot;px&quot;,&quot;size&quot;:900,&quot;sizes&quot;:[]},&quot;page_masthead_image_height_tablet&quot;:{&quot;unit&quot;:&quot;vh&quot;,&quot;size&quot;:70,&quot;sizes&quot;:[]},&quot;page_masthead_image_height_mobile&quot;:{&quot;unit&quot;:&quot;vh&quot;,&quot;size&quot;:50,&quot;sizes&quot;:[]},&quot;page_masthead_background_position_x&quot;:{&quot;unit&quot;:&quot;%&quot;,&quot;size&quot;:50,&quot;sizes&quot;:[]},&quot;page_masthead_background_position_x_tablet&quot;:{&quot;unit&quot;:&quot;%&quot;,&quot;size&quot;:50,&quot;sizes&quot;:[]},&quot;page_masthead_background_position_x_mobile&quot;:{&quot;unit&quot;:&quot;%&quot;,&quot;size&quot;:50,&quot;sizes&quot;:[]},&quot;page_masthead_background_position_y&quot;:{&quot;unit&quot;:&quot;%&quot;,&quot;size&quot;:50,&quot;sizes&quot;:[]},&quot;page_masthead_background_position_y_tablet&quot;:{&quot;unit&quot;:&quot;%&quot;,&quot;size&quot;:50,&quot;sizes&quot;:[]},&quot;page_masthead_background_position_y_mobile&quot;:{&quot;unit&quot;:&quot;%&quot;,&quot;size&quot;:50,&quot;sizes&quot;:[]}}\">\n\t\t\t\t<div class=\"elementor-element elementor-element-3b33f9d e-flex e-con-boxed e-con e-parent\" data-id=\"3b33f9d\" data-element_type=\"container\">\n\t\t\t\t\t<div class=\"e-con-inner\">\n\t\t\t\t<div class=\"elementor-element elementor-element-7d7a3367 elementor-widget elementor-widget-text-editor\" data-id=\"7d7a3367\" data-element_type=\"widget\" data-widget_type=\"text-editor.default\">\n\t\t\t\t\t\t\t\t\t<p><strong>MISSION \u2013 QUI NOUS SOMMES :<\/strong><\/p><p>Entreprise d\u00e9di\u00e9e \u00e0 la r\u00e9alisation de projets complets de prototypage et de moules d\u2019injection \u00e0 l\u2019\u00e9chelle internationale pour des clients des secteurs de l\u2019automobile et de l\u2019ing\u00e9nierie, en garantissant des niveaux \u00e9lev\u00e9s de qualit\u00e9 et de service, avec des d\u00e9lais et des prix comp\u00e9titifs.<\/p><p><strong>VISION \u2013 NOTRE AVENIR :<\/strong><\/p><p>Entreprise de r\u00e9f\u00e9rence au niveau national et l\u2019une des principales solutions au niveau europ\u00e9en dans la fabrication de prototypes, de moules et de pi\u00e8ces m\u00e9talliques pour des clients de diff\u00e9rents secteurs d\u2019activit\u00e9, \u00e0 travers nos valeurs de cr\u00e9dibilit\u00e9, de qualit\u00e9 et de service.<\/p><p><strong>VALEURS :<\/strong><\/p><p>\u2022 Responsabilit\u00e9 et cr\u00e9dibilit\u00e9<br>\u2022 D\u00e9vouement, engagement et implication<br>\u2022 Proactivit\u00e9<\/p><p>Sur la base de notre Mission, Vision et de nos Valeurs d\u2019entreprise, nous nous engageons \u00e0 suivre une d\u00e9marche d\u2019am\u00e9lioration continue, en garantissant :<\/p><p>-Le respect des exigences l\u00e9gales et r\u00e9glementaires applicables, ainsi que des engagements que nous avons volontairement assum\u00e9s.<\/p><p>-Le respect des exigences de qualit\u00e9 de nos clients afin d\u2019assurer leur satisfaction, en identifiant leurs besoins et attentes, en misant sur la qualit\u00e9 et l\u2019actualisation continue de nos services, afin de rester \u00e0 la pointe du secteur.<\/p><p>-La compr\u00e9hension de la qualit\u00e9, tant de nos produits que de nos services, comme une image de marque et une condition essentielle pour atteindre une plus grande comp\u00e9titi<\/p><p>-La collaboration avec nos fournisseurs et partenaires afin de cr\u00e9er des relations fond\u00e9es sur la confiance et la contribution r\u00e9ciproque, en favorisant leur implication dans la qualit\u00e9 et le respect des autres exigences contractuelles \u00e9tablies.<\/p><p>-La promotion d\u2019un environnement de travail favorisant le travail d\u2019\u00e9quipe, en garantissant la formation, la participation et la consultation, et en g\u00e9n\u00e9rant des synergies permettant une am\u00e9lioration continue.<\/p><p>Les engagements mentionn\u00e9s ci-dessus sont connus et compris par l\u2019ensemble des membres de l\u2019organisation, \u00e0 tous les niveaux. Cette Politique constitue le cadre de r\u00e9f\u00e9rence pour l\u2019\u00e9tablissement de notre plan strat\u00e9gique et de ses r\u00e9visions annuelles.<br>Pour information de l\u2019ensemble de nos parties prenantes, cette Politique est publi\u00e9e sur le site web corporatif :<br>www.prodicex.com <\/p><p><br>\u00c0 Llanera, le 1er octobre 2018<\/p>\t\t\t\t\t\t\t\t<\/div>\n\t\t\t\t<div class=\"elementor-element elementor-element-4e4a9b7 elementor-widget elementor-widget-image\" data-id=\"4e4a9b7\" data-element_type=\"widget\" data-widget_type=\"image.default\">\n\t\t\t\t\t\t\t\t\t\t\t\t\t\t\t<img fetchpriority=\"high\" decoding=\"async\" width=\"713\" height=\"169\" src=\"https:\/\/protofrance.com\/catalogo\/wp-content\/uploads\/2026\/01\/Captura-de-pantalla-2026-01-23-123758.png\" class=\"attachment-large size-large wp-image-5183\" alt=\"\" srcset=\"https:\/\/protofrance.com\/catalogo\/wp-content\/uploads\/2026\/01\/Captura-de-pantalla-2026-01-23-123758.png 713w, https:\/\/protofrance.com\/catalogo\/wp-content\/uploads\/2026\/01\/Captura-de-pantalla-2026-01-23-123758-300x71.png 300w\" sizes=\"(max-width: 713px) 100vw, 713px\" \/>\t\t\t\t\t\t\t\t\t\t\t\t\t\t\t<\/div>\n\t\t\t\t\t<\/div>\n\t\t\t\t<\/div>\n\t\t\t\t<\/div>\n\t\t","protected":false},"excerpt":{"rendered":"<p>MISSION \u2013 QUI NOUS SOMMES : Entreprise d\u00e9di\u00e9e \u00e0 la r\u00e9alisation de projets complets de prototypage et de moules d\u2019injection \u00e0 l\u2019\u00e9chelle internationale pour des clients des secteurs de l\u2019automobile et de l\u2019ing\u00e9nierie, en garantissant des niveaux \u00e9lev\u00e9s de qualit\u00e9 et de service, avec des d\u00e9lais et des prix comp\u00e9titifs. VISION \u2013 NOTRE AVENIR : [&hellip;]<\/p>\n","protected":false},"author":1,"featured_media":0,"parent":0,"menu_order":0,"comment_status":"closed","ping_status":"open","template":"","meta":{"_acf_changed":false,"footnotes":""},"class_list":["post-5175","page","type-page","status-publish","hentry"],"acf":[],"_links":{"self":[{"href":"https:\/\/protofrance.com\/catalogo\/wp-json\/wp\/v2\/pages\/5175","targetHints":{"allow":["GET"]}}],"collection":[{"href":"https:\/\/protofrance.com\/catalogo\/wp-json\/wp\/v2\/pages"}],"about":[{"href":"https:\/\/protofrance.com\/catalogo\/wp-json\/wp\/v2\/types\/page"}],"author":[{"embeddable":true,"href":"https:\/\/protofrance.com\/catalogo\/wp-json\/wp\/v2\/users\/1"}],"replies":[{"embeddable":true,"href":"https:\/\/protofrance.com\/catalogo\/wp-json\/wp\/v2\/comments?post=5175"}],"version-history":[{"count":3,"href":"https:\/\/protofrance.com\/catalogo\/wp-json\/wp\/v2\/pages\/5175\/revisions"}],"predecessor-version":[{"id":5200,"href":"https:\/\/protofrance.com\/catalogo\/wp-json\/wp\/v2\/pages\/5175\/revisions\/5200"}],"wp:attachment":[{"href":"https:\/\/protofrance.com\/catalogo\/wp-json\/wp\/v2\/media?parent=5175"}],"curies":[{"name":"wp","href":"https:\/\/api.w.org\/{rel}","templated":true}]}}