{"id":5226,"date":"2026-01-26T11:32:37","date_gmt":"2026-01-26T10:32:37","guid":{"rendered":"https:\/\/protospain.com\/catalogo\/politique-de-cookies\/"},"modified":"2026-01-26T13:13:44","modified_gmt":"2026-01-26T12:13:44","slug":"politique-de-cookies","status":"publish","type":"page","link":"https:\/\/protofrance.com\/catalogo\/politique-de-cookies\/","title":{"rendered":"Politique de cookies"},"content":{"rendered":"\t\t<div data-elementor-type=\"wp-page\" data-elementor-id=\"5226\" class=\"elementor elementor-5226 elementor-5215\" data-elementor-settings=\"{&quot;page_masthead_image_height&quot;:{&quot;unit&quot;:&quot;px&quot;,&quot;size&quot;:900,&quot;sizes&quot;:[]},&quot;page_masthead_image_height_tablet&quot;:{&quot;unit&quot;:&quot;vh&quot;,&quot;size&quot;:70,&quot;sizes&quot;:[]},&quot;page_masthead_image_height_mobile&quot;:{&quot;unit&quot;:&quot;vh&quot;,&quot;size&quot;:50,&quot;sizes&quot;:[]},&quot;page_masthead_background_position_x&quot;:{&quot;unit&quot;:&quot;%&quot;,&quot;size&quot;:50,&quot;sizes&quot;:[]},&quot;page_masthead_background_position_x_tablet&quot;:{&quot;unit&quot;:&quot;%&quot;,&quot;size&quot;:50,&quot;sizes&quot;:[]},&quot;page_masthead_background_position_x_mobile&quot;:{&quot;unit&quot;:&quot;%&quot;,&quot;size&quot;:50,&quot;sizes&quot;:[]},&quot;page_masthead_background_position_y&quot;:{&quot;unit&quot;:&quot;%&quot;,&quot;size&quot;:50,&quot;sizes&quot;:[]},&quot;page_masthead_background_position_y_tablet&quot;:{&quot;unit&quot;:&quot;%&quot;,&quot;size&quot;:50,&quot;sizes&quot;:[]},&quot;page_masthead_background_position_y_mobile&quot;:{&quot;unit&quot;:&quot;%&quot;,&quot;size&quot;:50,&quot;sizes&quot;:[]}}\">\n\t\t\t\t<div class=\"elementor-element elementor-element-3b33f9d e-flex e-con-boxed e-con e-parent\" data-id=\"3b33f9d\" data-element_type=\"container\">\n\t\t\t\t\t<div class=\"e-con-inner\">\n\t\t\t\t<div class=\"elementor-element elementor-element-7d7a3367 elementor-widget elementor-widget-text-editor\" data-id=\"7d7a3367\" data-element_type=\"widget\" data-widget_type=\"text-editor.default\">\n\t\t\t\t\t\t\t\t\t<p>Un cookie est un petit fichier texte qui est stock\u00e9 dans votre navigateur lorsque vous visitez presque n\u2019importe quelle page Web. Son utilit\u00e9 est que le Web est capable de m\u00e9moriser votre visite lorsque vous revenez sur cette page. Les cookies stockent g\u00e9n\u00e9ralement des informations de nature technique, pr\u00e9f\u00e9rences personnelles, personnalisation de contenu, statistiques d\u2019utilisation, liens vers des r\u00e9seaux sociaux, acc\u00e8s \u00e0 des comptes d\u2019utilisateurs, etc. Le but des cookies est d\u2019adapter le contenu du site \u00e0 votre profil et \u00e0 vos besoins. Sans les cookies, les services propos\u00e9s par n\u2019importe quelle page seraient consid\u00e9rablement r\u00e9duits. Vous pouvez consulter plus d\u2019informations sur ce que sont les cookies, ce qu\u2019ils stockent, comment les \u00e9liminer, les d\u00e9sactiver, etc., <a href=\"https:\/\/protospain.com\/mas-informacion-sobre-las-cookies\/\" target=\"_blank\" rel=\"noopener\">sur cette page.<\/a>    <\/p><h2>Cookies utilis\u00e9s sur ce site<\/h2><p>Conform\u00e9ment aux directives de l\u2019Agence espagnole pour la protection des donn\u00e9es, nous d\u00e9taillons l\u2019utilisation des cookies de ce site afin de vous informer le plus pr\u00e9cis\u00e9ment possible.<\/p><p>Ce site utilise les propres cookies suivants:<\/p><ul><li>Les cookies de session, pour savoir si l\u2019utilisateur a d\u00e9j\u00e0 visit\u00e9 le Web et se rappeler si vous avez accept\u00e9 la politique de cookie.<br>Cookies de personnalisation, pour m\u00e9moriser la langue pr\u00e9f\u00e9r\u00e9e de l\u2019utilisateur pour naviguer sur le Web.<\/li><\/ul><p>Ce site utilise les cookies tiers suivants:<\/p><ul><li>Google Analytics: stocke les cookies pour pouvoir compiler des statistiques sur le trafic et le volume de visites sur ce site. En utilisant ce site Web, vous consentez express\u00e9ment au traitement des informations vous concernant par Google. Par cons\u00e9quent, l\u2019exercice de tout droit en ce sens doit le faire en communiquant directement avec Google.  <\/li><li>R\u00e9seaux sociaux: chaque r\u00e9seau social utilise ses propres cookies pour que vous puissiez cliquer sur les boutons J\u2019aime ou Partager.<\/li><\/ul><h2>D\u00e9sactivation ou \u00e9limination des cookies<\/h2><p>\u00c0 tout moment, vous pouvez exercer votre droit de d\u00e9sactiver ou d\u2019\u00e9liminer les cookies de ce site. Ces actions sont effectu\u00e9es diff\u00e9remment selon le navigateur que vous utilisez. Acc\u00e9dez \u00e0 la page \u00ab<a href=\"https:\/\/protospain.com\/mas-informacion-sobre-las-cookies\/\" target=\"_blank\" rel=\"noopener\"> Plus d\u2019informations sur les cookies \u00bb<\/a> pour savoir comment proc\u00e9der.  <\/p><h2>Notes compl\u00e9mentaires<\/h2><p>Ni ce site Web ni ses repr\u00e9sentants l\u00e9gaux ne sont responsables du contenu ou de la v\u00e9racit\u00e9 des politiques de confidentialit\u00e9 pouvant \u00eatre appliqu\u00e9es par les tiers mentionn\u00e9s dans cette politique de cookie.<\/p><p>Les navigateurs Web sont les outils charg\u00e9s de stocker les cookies et \u00e0 partir de cet endroit, vous devez exercer votre droit de les \u00e9liminer ou de les d\u00e9sactiver. Ni ce site ni ses repr\u00e9sentants l\u00e9gaux ne peuvent garantir la manipulation correcte ou incorrecte des cookies par les navigateurs susmention. <\/p><p>Dans certains cas, il est n\u00e9cessaire d\u2019installer des cookies pour que le navigateur n\u2019oublie pas sa d\u00e9cision de ne pas les accepter.<br>Dans le cas des cookies de Google Analytics, cette soci\u00e9t\u00e9 stocke les cookies sur des serveurs situ\u00e9s aux \u00c9tats-Unis et s\u2019engage \u00e0 ne pas les partager avec des tiers, sauf dans les cas o\u00f9 cela est n\u00e9cessaire au fonctionnement du syst\u00e8me ou lorsque la loi l\u2019exige. tel effet. Selon Google ne pas enregistrer votre adresse IP. Google Inc. est une soci\u00e9t\u00e9 adh\u00e9rant au <a href=\"http:\/\/safeharbor.export.gov\/companyinfo.aspx?id=16626\" target=\"_blank\" rel=\"noopener noreferrer\">Safe Harbor Agreement<\/a> qui garantit que toutes les donn\u00e9es transf\u00e9r\u00e9es seront trait\u00e9es avec un niveau de protection conforme \u00e0 la r\u00e9glementation europ\u00e9enne. Vous pouvez consulter des informations d\u00e9taill\u00e9es sur l\u2019accord de sph\u00e8re de s\u00e9curit\u00e9. Vous pouvez \u00e9galement consulter des informations sur<a href=\"https:\/\/developers.google.com\/analytics\/devguides\/collection\/analyticsjs\/cookie-usage?hl=es&amp;csw=1\" target=\"_blank\" rel=\"noopener noreferrer\"> l\u2019utilisation que Google donne aux cookies.<\/a><br>.     <\/p><p>Pour toute question ou demande concernant cette politique de cookies, s\u2019il vous pla\u00eet contactez-nous via la section contact.<\/p><h2 class=\"et_pb_module_header\"><span style=\"text-decoration: underline;\">Plus d&rsquo;informations sur les cookies<\/span><\/h2><h2> <\/h2><h2>Qu\u2019est-ce qu\u2019un cookie?<\/h2><p>Un <em>cookie <\/em>est un fichier texte inoffensif qui est stock\u00e9 dans votre navigateur lorsque vous visitez presque toutes les pages Web. L\u2019utilit\u00e9 du <em>cookie<\/em> est que le site Web est capable de m\u00e9moriser votre visite lorsque vous revenez sur cette page. Bien que beaucoup de gens l\u2019ignorent, les <em>cookies<\/em> sont utilis\u00e9s depuis 20 ans, lorsque les premiers navigateurs pour le <b>World Wide Web<\/b> sont apparus.  <\/p><h2>Qu\u2019est-ce qui n\u2019est PAS un cookie?<\/h2><p>Ce n\u2019est pas un virus, ni un cheval de Troie, ni un ver, ni le spam, ni les logiciels espions, ni ouvre windows pop-up.<\/p><h2>Quelles informations un <em>cookie<\/em> stocke-t-il??<\/h2><p>Les <em>cookies <\/em>ne stockent g\u00e9n\u00e9ralement pas d\u2019informations sensibles vous concernant, telles que des cartes de cr\u00e9dit ou des coordonn\u00e9es bancaires, des photographies, votre identit\u00e9 ou des informations personnelles, etc. Les donn\u00e9es qu\u2019ils conservent sont de nature technique, pr\u00e9f\u00e9rences personnelles, personnalisation de contenu, etc. <\/p><p>Le serveur Web ne vous associe pas en tant que personne, mais votre navigateur Web. En fait, si vous naviguez r\u00e9guli\u00e8rement dans Internet Explorer et essayez de naviguer sur le m\u00eame site Web avec Firefox ou Chrome, vous verrez que le Web ne r\u00e9alise pas que vous \u00eates la m\u00eame personne car il associe r\u00e9ellement le navigateur et non la personne. <\/p><h2>Quel genre de <em>cookies<\/em> existe-t-il?<\/h2><p>Les principaux types de cookies utilis\u00e9s sur Internet sont:<\/p><ul><li>Cookies techniques: Ils sont les plus \u00e9l\u00e9mentaires et permettent, entre autres, de savoir quand une personne ou une application automatis\u00e9e navigue, quand un utilisateur anonyme et enregistr\u00e9 navigue, des t\u00e2ches de base pour le fonctionnement de tout site Web dynamique.<\/li><li><em>Cookies d\u2019 analyse:<\/em> ils collectent des informations sur le type de navigation que vous faites, les sections que vous utilisez le plus, les produits consult\u00e9s, le moment d\u2019utilisation, la langue, etc.<\/li><li>Cookies publicitaires: ils diffusent des publicit\u00e9s en fonction de votre navigation, de votre pays d\u2019origine, de votre langue, etc.<\/li><\/ul><h2>Que sont les cookies propres et de tiers?<\/h2><p>Les <em>cookies<\/em> propres sont ceux g\u00e9n\u00e9r\u00e9s par la page que vous visitez et ceux de tiers sont ceux g\u00e9n\u00e9r\u00e9s par des services externes ou des fournisseurs tels que <em>Facebook, Twitter, Google<\/em>, etc.<\/p><h2>Que se passe-t-il si je d\u00e9sactive les <em>cookies<\/em>?<\/h2><p>Pour comprendre la port\u00e9e que peuvent avoir les <em>cookies<\/em> d\u00e9sactiv\u00e9s, nous montrons quelques exemples:<\/p><ul><li>Vous ne pouvez pas partager le contenu de ce site sur Facebook, Twitter ou tout autre r\u00e9seau social.<\/li><li>Le site Web ne pourra pas adapter le contenu \u00e0 leurs pr\u00e9f\u00e9rences personnelles, comme c\u2019est souvent le cas dans les magasins en ligne.<\/li><li>Vous ne pouvez pas acc\u00e9der \u00e0 la zone personnelle de ce site Web, telle que <em>Mon compte<\/em>,<em> Mon profil <\/em>ou <em>Mes commandes<\/em>.<\/li><li>Le site Web ne pourra pas effectuer d\u2019analyse Web sur les visiteurs et le trafic sur le Web, ce qui rendra le site Web difficile pour \u00eatre comp\u00e9titif.<\/li><li>Vous ne pouvez pas \u00e9crire dans un blog, vous ne pouvez pas t\u00e9l\u00e9charger de photos, poster des commentaires, \u00e9valuer ou \u00e9valuer le contenu.<\/li><li>Il ne sera pas possible d\u2019afficher de la publicit\u00e9 sectoris\u00e9e, ce qui r\u00e9duira les revenus publicitaires du Web.<\/li><li>Tous les r\u00e9seaux sociaux utilisent des <em>cookies<\/em>, si vous les d\u00e9sactivez, vous ne pouvez utiliser aucun r\u00e9seau social.<\/li><\/ul><h2>Les <em>cookies<\/em> peuvent-ils \u00eatre supprim\u00e9s?<\/h2><p>Oui, non seulement supprimer, mais aussi bloquer, de mani\u00e8re g\u00e9n\u00e9rale ou particuli\u00e8re pour un domaine sp\u00e9cifique. <\/p><p>Pour supprimer les <em>cookies<\/em> d\u2019un site Web, vous devez vous rendre dans les param\u00e8tres de votre navigateur. Vous pouvez y rechercher les noms associ\u00e9s au domaine en question et proc\u00e9der \u00e0 leur \u00e9limination.<\/p><h2 id=\"navegadores\">Param\u00e9trer les cookies pour les navigateurs les plus populaires<\/h2><p>Voici comment acc\u00e9der \u00e0 un <em>cookie<\/em> sp\u00e9cifique dans le navigateur Chrome. Remarque: ces \u00e9tapes peuvent varier en fonction de la version du navigateur: <\/p><ol><li>Allez dans Param\u00e8tres ou Pr\u00e9f\u00e9rences via le menu Fichier ou en cliquant sur l\u2019ic\u00f4ne de personnalisation qui appara\u00eet en haut \u00e0 droite.<\/li><li>Vous verrez diff\u00e9rentes sections, cliquez sur l\u2019option <em>Afficher les options avanc\u00e9es<\/em>.<\/li><li>Acc\u00e9dez \u00e0 <em>Confidentialit\u00e9<\/em>, <em>Param\u00e8tres de contenu<\/em>.<\/li><li>S\u00e9lectionnez <em>Tous les cookies<\/em> et les donn\u00e9es du site.<\/li><li>Une liste de tous les <em>cookies<\/em> tri\u00e9s par domaine appara\u00eetra. Pour faciliter la recherche des <em>cookies<\/em> d\u2019un domaine donn\u00e9, entrez l\u2019adresse partiellement ou compl\u00e8tement dans le champ Rechercher les <em>cookies<\/em>. <\/li><li>Une fois ce filtre cr\u00e9\u00e9, une ou plusieurs lignes contenant les <em>cookies<\/em> du site Web demand\u00e9 apparaissent \u00e0 l\u2019\u00e9cran. Il ne vous reste plus qu\u2019\u00e0 le <em>s\u00e9lectionner<\/em> et \u00e0 appuyer sur le <em><\/em> pour proc\u00e9der \u00e0 son \u00e9limination. <\/li><\/ol><p>Pour acc\u00e9der aux param\u00e8tres de<em> cookie<\/em> du navigateur <b>Internet Explorer<\/b> proc\u00e9dez comme suit (peut varier en fonction de la version du navigateur):<\/p><ol><li>Aller sur <em>Outils<\/em>, <em>Options Internet.3<\/em><\/li><li>Cliquez sur <em>Confidentialit\u00e9<\/em>.<\/li><li>D\u00e9placez le curseur pour r\u00e9gler le niveau de confidentialit\u00e9 souhait\u00e9.<\/li><\/ol><p>Pour acc\u00e9der aux param\u00e8tres de<em> cookie<\/em> du navigateur <b>Firefox<\/b> proc\u00e9dez comme suit (peut varier en fonction de la version du navigateur):<\/p><ol><li>Acc\u00e9dez \u00e0 <em>Options<\/em> ou <em>Pr\u00e9f\u00e9rences<\/em> en fonction de votre syst\u00e8me d\u2019exploitation.<\/li><li>Cliquez sur <em>Confidentialit\u00e9<\/em>.<\/li><li>Dans <em>Historique<\/em>, choisissez <em>Utiliser les param\u00e8tres personnalis\u00e9s pour l\u2019historique<\/em>.<\/li><li>Maintenant, vous verrez l\u2019option Accepter les <em>cookies<\/em>, vous pouvez l\u2019activer ou le d\u00e9sactiver selon vos pr\u00e9f\u00e9rences.<\/li><\/ol><p>Pour acc\u00e9der \u00e0 la configuration des <em>cookies<\/em> du navigateur <b>Safari<\/b> pour OSX proc\u00e9dez comme suit (peut varier en fonction de la version du navigateur):<\/p><ol><li>Allez dans <em>Pr\u00e9f\u00e9rences<\/em>, puis Confidentialit\u00e9.<\/li><li>\u00c0 cet endroit, vous verrez l\u2019option Bloquer les <em>cookies<\/em> afin que vous puissiez ajuster le type de blocage que vous souhaitez cr\u00e9er.<\/li><\/ol><p>Pour acc\u00e9der \u00e0 la configuration des <em>cookies<\/em> du navigateur <b>Safari<\/b> pour iOS, proc\u00e9dez comme suit (peut varier en fonction de la version du navigateur):<\/p><ol><li>Allez dans <em>Param\u00e8tres<\/em>, puis <em>Safari<\/em>.<\/li><li>Allez dans<em> Confidentialit\u00e9 et s\u00e9curit\u00e9<\/em>, vous verrez l\u2019option <em>Bloquer les cookies<\/em> afin que vous puissiez ajuster le type de blocage que vous souhaitez cr\u00e9er..<\/li><\/ol><p>Pour acc\u00e9der aux param\u00e8tres de<em> cookies<\/em> du navigateur pour les appareils <b>Android<\/b>, proc\u00e9dez comme suit (peut varier en fonction de la version du navigateur):<\/p><ol><li>Ex\u00e9cutez le navigateur et appuyez sur la touche <em>Menu<\/em>, puis sur <em>Param\u00e8tres<\/em>.<\/li><li>Allez dans <em>S\u00e9curit\u00e9 et confidentialit\u00e9<\/em>, vous verrez l\u2019option <em>Accepter les cookies<\/em> pour activer ou d\u00e9sactiver la bo\u00eete.<\/li><\/ol><p>Pour acc\u00e9der aux param\u00e8tres de <em>cookies<\/em> du navigateur pour les appareils <b>Windows<\/b> Phone, proc\u00e9dez comme suit (peut varier en fonction de la version du navigateur):<\/p><ol><li>Ouvrez <em>Internet Explorer<\/em>, puis Plus, puis <em>Param\u00e8tres<\/em>.<\/li><li>Vous pouvez maintenant activer ou d\u00e9sactiver la case <em>Autoriser les cookies.<\/em><\/li><\/ol>\t\t\t\t\t\t\t\t<\/div>\n\t\t\t\t\t<\/div>\n\t\t\t\t<\/div>\n\t\t\t\t<\/div>\n\t\t","protected":false},"excerpt":{"rendered":"<p>Un cookie est un petit fichier texte qui est stock\u00e9 dans votre navigateur lorsque vous visitez presque n\u2019importe quelle page Web. Son utilit\u00e9 est que le Web est capable de m\u00e9moriser votre visite lorsque vous revenez sur cette page. Les cookies stockent g\u00e9n\u00e9ralement des informations de nature technique, pr\u00e9f\u00e9rences personnelles, personnalisation de contenu, statistiques d\u2019utilisation, [&hellip;]<\/p>\n","protected":false},"author":1,"featured_media":0,"parent":0,"menu_order":0,"comment_status":"closed","ping_status":"open","template":"","meta":{"_acf_changed":false,"footnotes":""},"class_list":["post-5226","page","type-page","status-publish","hentry"],"acf":[],"_links":{"self":[{"href":"https:\/\/protofrance.com\/catalogo\/wp-json\/wp\/v2\/pages\/5226","targetHints":{"allow":["GET"]}}],"collection":[{"href":"https:\/\/protofrance.com\/catalogo\/wp-json\/wp\/v2\/pages"}],"about":[{"href":"https:\/\/protofrance.com\/catalogo\/wp-json\/wp\/v2\/types\/page"}],"author":[{"embeddable":true,"href":"https:\/\/protofrance.com\/catalogo\/wp-json\/wp\/v2\/users\/1"}],"replies":[{"embeddable":true,"href":"https:\/\/protofrance.com\/catalogo\/wp-json\/wp\/v2\/comments?post=5226"}],"version-history":[{"count":1,"href":"https:\/\/protofrance.com\/catalogo\/wp-json\/wp\/v2\/pages\/5226\/revisions"}],"predecessor-version":[{"id":5227,"href":"https:\/\/protofrance.com\/catalogo\/wp-json\/wp\/v2\/pages\/5226\/revisions\/5227"}],"wp:attachment":[{"href":"https:\/\/protofrance.com\/catalogo\/wp-json\/wp\/v2\/media?parent=5226"}],"curies":[{"name":"wp","href":"https:\/\/api.w.org\/{rel}","templated":true}]}}